{"id":928,"date":"2024-02-27T13:23:36","date_gmt":"2024-02-27T16:23:36","guid":{"rendered":"https:\/\/cmsm-bue.infd.edu.ar\/sitio\/?page_id=928"},"modified":"2024-05-20T17:04:05","modified_gmt":"2024-05-20T20:04:05","slug":"cursada-y-tramites","status":"publish","type":"page","link":"https:\/\/cmsm-bue.infd.edu.ar\/sitio\/cursada-y-tramites\/","title":{"rendered":"Cursada y Tr\u00e1mites"},"content":{"rendered":"\n<p><strong>Informaci\u00f3n Institucional<\/strong><\/p>\n\n\n\n<p>Inf\u00f3rmese en los blogs de internet de los planes de estudio, condiciones de cursada, tramites y constancias, horarios, contactos, fechas de inscripciones, ausencias y suplencias de profesores y toda informaci\u00f3n o novedad diaria de importancia.<\/p>\n\n\n\n<p class=\"has-text-align-center\"><mark style=\"background-color:rgba(0, 0, 0, 0);color:#2271b1\" class=\"has-inline-color\"><strong>ROGAMOS ATENDER A ESTOS COMUNICADOS DIARIAMENTE<\/strong><\/mark><\/p>\n\n\n\n<p><strong>Comienzo de clases<\/strong><\/p>\n\n\n\n<p>Seg\u00fan el Calendario Escolar confeccionado por la Direcci\u00f3n General de Escuelas. (Generalmente es posterior al inicio de los colegios secundarios en una o dos semanas) Consultar a fines de febrero en internet.<\/p>\n\n\n\n<p><strong>R\u00e9gimen de Asistencia<\/strong><\/p>\n\n\n\n<p>Se debe obtener un m\u00ednimo del 80% de asistencia de las clases dadas de cada materia. Superada la cantidad de inasistencias, el alumno deber\u00e1 presentar una carta (adjuntando los certificados de salud, laborales o personales que justifiquen sus ausencias) al Consejo Acad\u00e9mico Institucional (CAI) quien junto a los docentes a cargo, definir\u00e1n la continuidad de la regularidad del alumno y las actividades o trabajos que deber\u00e1 realizar para compensar los contenidos trabajados en su ausencia.<\/p>\n\n\n\n<p>De no concederse la continuidad de la regularidad, el alumno podr\u00e1 seguir cursando como Oyente, pero deber\u00e1 acreditar la materia como estudiante Libre o recursarla (seg\u00fan lo que el R\u00e9gimen Acad\u00e9mico establezca),<\/p>\n\n\n\n<p><strong>Equivalencias<\/strong>:&nbsp;Ver&nbsp;<strong><a href=\"http:\/\/conservatoriodesanmartin.blogspot.com.ar\/p\/blog-page_5984.html\" target=\"_blank\" rel=\"noreferrer noopener\">AQUI<\/a><\/strong><\/p>\n\n\n\n<p><strong>Pr\u00e9stamo de aulas e instrumentos<\/strong><\/p>\n\n\n\n<p>Se autoriza el pr\u00e9stamo de aulas (seg\u00fan disponibilidad en el momento de solicitarla) e instrumentos (s\u00f3lo dentro del establecimiento).<\/p>\n\n\n\n<p>Las aulas e instrumentos se mantienen con el aporte de cooperadora y es responsabilidad de todos contribuir a su orden, limpieza y cuidado.<\/p>\n\n\n\n<p><strong>Segundo instrumento<\/strong><\/p>\n\n\n\n<p>Se puede comenzar a cursar un segundo instrumento de acuerdo a las vacantes disponibles luego de cerrada la inscripci\u00f3n de ingreso (Alrededor de abril) o consultando en agosto luego de las vacaciones de invierno.<\/p>\n\n\n\n<p><strong>Acreditaci\u00f3n<\/strong><strong>&nbsp;de las materias<\/strong><\/p>\n\n\n\n<p><strong>&#8211; Materias Promocionales<\/strong>: No tienen Examen Final aprobando la cursada con 7 en cada cuatrimestre. Por debajo de esa nota se va a Examen Final.<\/p>\n\n\n\n<p><strong>&#8211; Materias con Examen Final<\/strong>: Se aprueba con 4 en cada cuatrimestre y el Examen Final con 4.<\/p>\n\n\n\n<p>Materias cuya cursada ha sido aprobada NO pueden re-cursarse.<\/p>\n\n\n\n<p>Una vez aprobada la cursada hay cinco a\u00f1os para rendir el Examen Final, excedido el plazo hay que re-cursar la materia.<\/p>\n\n\n\n<p><strong>Ex\u00e1menes Finales<\/strong><\/p>\n\n\n\n<p><strong>&#8211; Ex\u00e1menes Finales de diciembre<\/strong>:<\/p>\n\n\n\n<p>En cada mesa de diciembre hay un 1er llamado y un 2do llamado, debi\u00e9ndose optar por solo uno de los dos.<\/p>\n\n\n\n<p>En todas las materias es el alumno el que deber\u00e1 inscribirse para el Examen Final o Libre accediendo al sistema durante el periodo que se habilite la inscripci\u00f3n.<\/p>\n\n\n\n<p><strong>&#8211; Ex\u00e1menes de marzo o agosto<\/strong>:<\/p>\n\n\n\n<p>El alumno debe inscribirse en las materias en que se presentar\u00e1 a rendir examen, las cuales se confeccionaran en base a los inscriptos para rendir.<\/p>\n\n\n\n<p><strong>R\u00e9gimen de Correlatividades<\/strong><\/p>\n\n\n\n<p>Para continuar con el plan de estudios la cursada de cada materia exige tener aprobada la cursada de otras materias. Inf\u00f3rmese en&nbsp;<a href=\"http:\/\/conservatoriodesanmartin.blogspot.com.ar\/p\/planes-de-estudio.html\" target=\"_blank\" rel=\"noreferrer noopener\">Planes de estudio<\/a><\/p>\n\n\n\n<p><strong>Libreta de calificaciones<\/strong><\/p>\n\n\n\n<p>Se debe adquirir a Cooperadora en Preceptor\u00eda de sede San Lorenzo. Se entrega en preceptor\u00eda con todos los datos completos, escritos prolijamente y en tinta (Excepto carrera y nivel), firmada y con la foto pegada para que sea sellada, firmada por un directivo y completada (Si existen asignaturas aprobadas previamente a la compra).<\/p>\n\n\n\n<p>En \u00e9poca de finalizacion de clases se debe presentar a los profesores y\/o en las mesas de examen para que sean consignada la aprobaci\u00f3n o promoci\u00f3n de las asignaturas.<\/p>\n\n\n\n<p><strong>Re-inscripci\u00f3n<\/strong><\/p>\n\n\n\n<p>Comenzando hacia mediados de noviembre solo se inscriben alumnos nuevos para ingresar en Taller 1, Formaci\u00f3n B\u00e1sica 1 y alumnos que deban re-cursar&nbsp;<em>Lenguaje Musical 1&nbsp;<\/em>o&nbsp;<em>Taller de iniciaci\u00f3n Musical 1<\/em>.<\/p>\n\n\n\n<p>La Re-inscripci\u00f3n para cursar en el Ciclo Lectivo siguiente se realiza aproximadamente desde mediados de febrero hasta marzo en el modo y fecha que se determine y presentando la planilla de Re-inscripci\u00f3n correspondiente y documentaci\u00f3n que corresponda.<\/p>\n\n\n\n<p><strong>Cooperadora<\/strong>:<a href=\"http:\/\/conservatoriodesanmartin.blogspot.com.ar\/p\/cooperadora.html\" target=\"_blank\" rel=\"noreferrer noopener\">Ver<\/a><\/p>\n","protected":false},"excerpt":{"rendered":"<p>Informaci\u00f3n Institucional Inf\u00f3rmese en los blogs de internet de los planes de estudio, condiciones de cursada, tramites y constancias, horarios, contactos, fechas de inscripciones, ausencias y suplencias de profesores y toda informaci\u00f3n o novedad diaria de importancia. ROGAMOS ATENDER A ESTOS COMUNICADOS DIARIAMENTE Comienzo de clases Seg\u00fan el Calendario Escolar confeccionado por la Direcci\u00f3n General &#8230; <a title=\"Cursada y Tr\u00e1mites\" class=\"read-more\" href=\"https:\/\/cmsm-bue.infd.edu.ar\/sitio\/cursada-y-tramites\/\" aria-label=\"More on Cursada y Tr\u00e1mites\">[+]<\/a><\/p>\n","protected":false},"author":106,"featured_media":0,"parent":0,"menu_order":0,"comment_status":"closed","ping_status":"closed","template":"","meta":[],"acf":[],"_links":{"self":[{"href":"https:\/\/cmsm-bue.infd.edu.ar\/sitio\/wp-json\/wp\/v2\/pages\/928"}],"collection":[{"href":"https:\/\/cmsm-bue.infd.edu.ar\/sitio\/wp-json\/wp\/v2\/pages"}],"about":[{"href":"https:\/\/cmsm-bue.infd.edu.ar\/sitio\/wp-json\/wp\/v2\/types\/page"}],"author":[{"embeddable":true,"href":"https:\/\/cmsm-bue.infd.edu.ar\/sitio\/wp-json\/wp\/v2\/users\/106"}],"replies":[{"embeddable":true,"href":"https:\/\/cmsm-bue.infd.edu.ar\/sitio\/wp-json\/wp\/v2\/comments?post=928"}],"version-history":[{"count":3,"href":"https:\/\/cmsm-bue.infd.edu.ar\/sitio\/wp-json\/wp\/v2\/pages\/928\/revisions"}],"predecessor-version":[{"id":1182,"href":"https:\/\/cmsm-bue.infd.edu.ar\/sitio\/wp-json\/wp\/v2\/pages\/928\/revisions\/1182"}],"wp:attachment":[{"href":"https:\/\/cmsm-bue.infd.edu.ar\/sitio\/wp-json\/wp\/v2\/media?parent=928"}],"curies":[{"name":"wp","href":"https:\/\/api.w.org\/{rel}","templated":true}]}}