{"id":908,"date":"2024-02-26T20:28:34","date_gmt":"2024-02-26T23:28:34","guid":{"rendered":"https:\/\/cmsm-bue.infd.edu.ar\/sitio\/?page_id=908"},"modified":"2024-02-29T20:18:16","modified_gmt":"2024-02-29T23:18:16","slug":"resoluciones-normativas","status":"publish","type":"page","link":"https:\/\/cmsm-bue.infd.edu.ar\/sitio\/resoluciones-normativas\/","title":{"rendered":"Resoluciones, Normativas"},"content":{"rendered":"\n<p><a href=\"https:\/\/drive.google.com\/open?id=1GdZwU_amd-0A-H2nK0UktQ4gZ6yj2NmL\">Ley de Educaci\u00f3n Provincial 13688<\/a><\/p>\n\n\n\n<p><a href=\"https:\/\/drive.google.com\/open?id=11MZAmkSZ7BEVxHAm1MBUFegVfimtv_-D\">Resoluci\u00f3n 4043. R\u00e9gimen Acad\u00e9mico para Educaci\u00f3n Superior<\/a><\/p>\n\n\n\n<p><a href=\"https:\/\/drive.google.com\/open?id=1TkFb7PxBOBGbL_dMCfqmsqR-SeZ939BR\">Resoluci\u00f3n 4044. Consejo Acad\u00e9mico Institucional<\/a><a href=\"https:\/\/drive.google.com\/open?id=1cazcsgs7p8MBoTv9hZcojG-Awt-aRNXa\">Anexo de la Resoluci\u00f3n 13231\/99 de la FORMACI\u00d3N B\u00c1SICA<\/a><a href=\"https:\/\/drive.google.com\/open?id=1eAZUuIP1Xy4BehedR9JS17f7lxqam_zB\"><\/a><\/p>\n\n\n\n<p><a href=\"https:\/\/drive.google.com\/open?id=1eAZUuIP1Xy4BehedR9JS17f7lxqam_zB\">Anexo de la Resoluci\u00f3n 13235\/99 Tecnicaturas de M\u00fasica<\/a><\/p>\n\n\n\n<p><a href=\"https:\/\/drive.google.com\/open?id=18CkqGzzmcwVdolnEmwrv0ubcI4tF3aCM\">Anexo de la Resoluci\u00f3n 13234\/99 Profesorados de Instrumento, Canto y Direcci\u00f3n Coral<\/a><\/p>\n\n\n\n<p><a href=\"https:\/\/drive.google.com\/open?id=1eqTla08SZjg8cgQWji3MeQi4wduR6any\">Resoluci\u00f3n Plan 855\/11. Predise\u00f1o Curricular del Profesorado de M\u00fasica Orientaci\u00f3n en Educaci\u00f3n Musical<\/a><\/p>\n\n\n\n<p><a href=\"https:\/\/drive.google.com\/file\/d\/18DDpqstzeP3vIyl7B89pGzinKpzlkdn_\/view?usp=sharing\">Comunicaci\u00f3n 32\/10. Ingreso, trayectoria y promoci\u00f3n<\/a><\/p>\n","protected":false},"excerpt":{"rendered":"<p>Ley de Educaci\u00f3n Provincial 13688 Resoluci\u00f3n 4043. R\u00e9gimen Acad\u00e9mico para Educaci\u00f3n Superior Resoluci\u00f3n 4044. Consejo Acad\u00e9mico InstitucionalAnexo de la Resoluci\u00f3n 13231\/99 de la FORMACI\u00d3N B\u00c1SICA Anexo de la Resoluci\u00f3n 13235\/99 Tecnicaturas de M\u00fasica Anexo de la Resoluci\u00f3n 13234\/99 Profesorados de Instrumento, Canto y Direcci\u00f3n Coral Resoluci\u00f3n Plan 855\/11. Predise\u00f1o Curricular del Profesorado de M\u00fasica Orientaci\u00f3n &#8230; <a title=\"Resoluciones, Normativas\" class=\"read-more\" href=\"https:\/\/cmsm-bue.infd.edu.ar\/sitio\/resoluciones-normativas\/\" aria-label=\"More on Resoluciones, Normativas\">[+]<\/a><\/p>\n","protected":false},"author":106,"featured_media":0,"parent":0,"menu_order":0,"comment_status":"closed","ping_status":"closed","template":"","meta":[],"acf":[],"_links":{"self":[{"href":"https:\/\/cmsm-bue.infd.edu.ar\/sitio\/wp-json\/wp\/v2\/pages\/908"}],"collection":[{"href":"https:\/\/cmsm-bue.infd.edu.ar\/sitio\/wp-json\/wp\/v2\/pages"}],"about":[{"href":"https:\/\/cmsm-bue.infd.edu.ar\/sitio\/wp-json\/wp\/v2\/types\/page"}],"author":[{"embeddable":true,"href":"https:\/\/cmsm-bue.infd.edu.ar\/sitio\/wp-json\/wp\/v2\/users\/106"}],"replies":[{"embeddable":true,"href":"https:\/\/cmsm-bue.infd.edu.ar\/sitio\/wp-json\/wp\/v2\/comments?post=908"}],"version-history":[{"count":3,"href":"https:\/\/cmsm-bue.infd.edu.ar\/sitio\/wp-json\/wp\/v2\/pages\/908\/revisions"}],"predecessor-version":[{"id":1003,"href":"https:\/\/cmsm-bue.infd.edu.ar\/sitio\/wp-json\/wp\/v2\/pages\/908\/revisions\/1003"}],"wp:attachment":[{"href":"https:\/\/cmsm-bue.infd.edu.ar\/sitio\/wp-json\/wp\/v2\/media?parent=908"}],"curies":[{"name":"wp","href":"https:\/\/api.w.org\/{rel}","templated":true}]}}