{"id":845,"date":"2024-02-26T16:54:30","date_gmt":"2024-02-26T19:54:30","guid":{"rendered":"https:\/\/cmsm-bue.infd.edu.ar\/sitio\/?page_id=845"},"modified":"2024-05-20T16:48:22","modified_gmt":"2024-05-20T19:48:22","slug":"cooperadora","status":"publish","type":"page","link":"https:\/\/cmsm-bue.infd.edu.ar\/sitio\/cooperadora\/","title":{"rendered":"Cooperadora"},"content":{"rendered":"\n<p><strong>La Asociaci\u00f3n Cooperadora<\/strong>&nbsp;fue creada para sostener el funcionamiento del conservatorio y promover a su desarrollo y crecimiento. Debe su existencia a la iniciativa de sus fundadores en el a\u00f1o 1980. La Asociaci\u00f3n Cooperadora est\u00e1 conformada por los socios, que son todos aquellos que colaboran con su aporte monetario, pudiendo ser tanto alumnos como docentes, padres y dem\u00e1s miembros de la comunidad. Y tambi\u00e9n se nutre del aporte de quienes brindan su tiempo y esfuerzo para que la tarea resulte eficiente.<\/p>\n\n\n\n<p>&nbsp; &nbsp;La Asociaci\u00f3n Cooperadora es de todos.<\/p>\n\n\n\n<p>&nbsp; &nbsp;El aporte de todos es indispensable.<\/p>\n\n\n\n<p>&nbsp; Compromet\u00e1monos a que siga cumpliendo con su objetivo de ayudar al sostenimiento de nuestro querido conservatorio.<\/p>\n\n\n\n<hr class=\"wp-block-separator has-alpha-channel-opacity\"\/>\n\n\n\n<p><strong>Para comunicarte<\/strong>&nbsp;con la Asociaci\u00f3n Cooperadora podes hacerlo mediante nuestro correo electr\u00f3nico:&nbsp;<a href=\"mailto:cooperadoraconserschiuma@gmail.com\">cooperadoraconserschiuma@gmail.com<\/a><\/p>\n\n\n\n<hr class=\"wp-block-separator has-alpha-channel-opacity\"\/>\n\n\n\n<p><strong>Para realizar pagos<\/strong>&nbsp;<\/p>\n\n\n\n<p>El monto sugerido para el 2024 es de 25.000$ anuales, de contado o en partes&nbsp;seg\u00fan&nbsp;sus&nbsp;posibilidades.<\/p>\n\n\n\n<p>&nbsp;En efectivo en preceptoria en Sede San Lorenzo<\/p>\n\n\n\n<p>O mediante dep\u00f3sitos en el Banco de la Provincia de Buenos Aires (Sucursal 5097 &#8211; San Mart\u00edn)<\/p>\n\n\n\n<p>Numero de cuenta corriente: 017664\/4<\/p>\n\n\n\n<p>Para transferencias: CBU 0140026701509701766442<\/p>\n\n\n\n<p>Palabras clave \/ Alias: cooperadoraschiuma<\/p>\n\n\n\n<p>CUIT 30-70716142-2<br><br>Si hace deposito o transferencia por favor envie el comprobante al correo citado mas arriba.<\/p>\n\n\n\n<hr class=\"wp-block-separator has-alpha-channel-opacity\"\/>\n\n\n\n<p><strong>Comisi\u00f3n directiva 2023-2024<\/strong><\/p>\n\n\n\n<p>Presidenta: Fernanda Fabbri<\/p>\n\n\n\n<p>Secretaria: Adriana Tucci<br>Tesorero: Miguel C\u00e1nepa<\/p>\n\n\n\n<p>Vocales: Lucas Farfaglia,&nbsp;&nbsp;Nancy Ostertag, Anal\u00eda Sonia Riquelme, Nicol\u00e1s Greco.&nbsp;<\/p>\n\n\n\n<p><strong>Comisi\u00f3n Revisora de cuentas:<\/strong><\/p>\n\n\n\n<p>Revisora de Cuentas Titular: Silvia Sosa<\/p>\n\n\n\n<p>Revisora de Cuentas Docente: Mariana Hern\u00e1ndez<\/p>\n","protected":false},"excerpt":{"rendered":"<p>La Asociaci\u00f3n Cooperadora&nbsp;fue creada para sostener el funcionamiento del conservatorio y promover a su desarrollo y crecimiento. Debe su existencia a la iniciativa de sus fundadores en el a\u00f1o 1980. La Asociaci\u00f3n Cooperadora est\u00e1 conformada por los socios, que son todos aquellos que colaboran con su aporte monetario, pudiendo ser tanto alumnos como docentes, padres &#8230; <a title=\"Cooperadora\" class=\"read-more\" href=\"https:\/\/cmsm-bue.infd.edu.ar\/sitio\/cooperadora\/\" aria-label=\"More on Cooperadora\">[+]<\/a><\/p>\n","protected":false},"author":106,"featured_media":0,"parent":0,"menu_order":0,"comment_status":"closed","ping_status":"closed","template":"","meta":[],"acf":[],"_links":{"self":[{"href":"https:\/\/cmsm-bue.infd.edu.ar\/sitio\/wp-json\/wp\/v2\/pages\/845"}],"collection":[{"href":"https:\/\/cmsm-bue.infd.edu.ar\/sitio\/wp-json\/wp\/v2\/pages"}],"about":[{"href":"https:\/\/cmsm-bue.infd.edu.ar\/sitio\/wp-json\/wp\/v2\/types\/page"}],"author":[{"embeddable":true,"href":"https:\/\/cmsm-bue.infd.edu.ar\/sitio\/wp-json\/wp\/v2\/users\/106"}],"replies":[{"embeddable":true,"href":"https:\/\/cmsm-bue.infd.edu.ar\/sitio\/wp-json\/wp\/v2\/comments?post=845"}],"version-history":[{"count":4,"href":"https:\/\/cmsm-bue.infd.edu.ar\/sitio\/wp-json\/wp\/v2\/pages\/845\/revisions"}],"predecessor-version":[{"id":1175,"href":"https:\/\/cmsm-bue.infd.edu.ar\/sitio\/wp-json\/wp\/v2\/pages\/845\/revisions\/1175"}],"wp:attachment":[{"href":"https:\/\/cmsm-bue.infd.edu.ar\/sitio\/wp-json\/wp\/v2\/media?parent=845"}],"curies":[{"name":"wp","href":"https:\/\/api.w.org\/{rel}","templated":true}]}}