{"id":841,"date":"2024-02-26T16:54:00","date_gmt":"2024-02-26T19:54:00","guid":{"rendered":"https:\/\/cmsm-bue.infd.edu.ar\/sitio\/?page_id=841"},"modified":"2024-05-20T16:39:31","modified_gmt":"2024-05-20T19:39:31","slug":"ingreso-2024","status":"publish","type":"page","link":"https:\/\/cmsm-bue.infd.edu.ar\/sitio\/ingreso-2024\/","title":{"rendered":"Ingreso 2024"},"content":{"rendered":"\n<p><strong><u><mark style=\"background-color:rgba(0, 0, 0, 0);color:#2271b1\" class=\"has-inline-color\">INSCRIPCI\u00d3N DE INGRESO 2024<\/mark><\/u><\/strong><\/p>\n\n\n\n<p><strong>Desde el VIERNES 16 de FEBRERO hasta el VIERNES 15 de MARZO, se retoma la inscripci\u00f3n para el Ciclo Lectivo 2024 para quienes quieran ingresar como estudiantes del conservatorio.<\/strong><\/p>\n\n\n\n<p>Se realiza de lunes a viernes de 8:30 a 11:30, 13:30 a 16:30 y 17:30 a 21hs en la sede San Lorenzo 2381 (entre Rivadavia y Pueyrred\u00f3n), San Mart\u00edn.<\/p>\n\n\n\n<p>Pueden asistir independientemente del horario que elijan para cursar.<\/p>\n\n\n\n<p>La inscripci\u00f3n ser\u00e1 por orden de llegada y ser\u00e1 atendida por personal de Preceptor\u00eda.&nbsp;<strong>Es muy importante que traigan las planillas completas y toda la documentaci\u00f3n lista para agilizar el procedimiento<\/strong>.<\/p>\n\n\n\n<p>Deben concurrir con:<\/p>\n\n\n\n<ul>\n<li>Planillas de inscripci\u00f3n completas.&nbsp;<\/li>\n\n\n\n<li>Fotocopia del DNI<\/li>\n\n\n\n<li>Seg\u00fan corresponda: Fotocopia de titulo secundario o Constancia de titulo secundario en tramite o Constancia de alumno regular (Con 2do a\u00f1o aprobado) No sirven diplomas del secundario ni constancias o t\u00edtulos terciarios. T\u00edtulos extranjeros deben estar legalizados en Argentina.<\/li>\n\n\n\n<li>1 Folio&nbsp;<\/li>\n\n\n\n<li>La cooperadora es de pago voluntario, pero ser\u00eda imposible para esta Instituci\u00f3n funcionar sin su apoyo.&nbsp;Para su contribuci\u00f3n a la Asociaci\u00f3n Cooperadora: Depositar en: Cta. Corriente No 17664\/4&nbsp;del Banco Provincia, Sucursal San Mart\u00edn, o transferir a palabra clave&nbsp;<strong>cooperadoraschiuma<\/strong>&nbsp;o&nbsp;CBU 0140026701509701766442 &#8211; CUIT 30-70716142.<br><strong>Monto anual sugerido: $25.000<\/strong>.&nbsp;Contamos con su colaboraci\u00f3n.<\/li>\n\n\n\n<li><strong>Solo para Canto<\/strong>, Fibrolaringoscop\u00eda y certificado de salud vocal extendido por Otorrinolaringolo. Es lo \u00fanico que puede faltar en la inscripci\u00f3n pero deber\u00e1 presentarlo como l\u00edmite antes del comienzo de clases, de lo contrario no se le otorgar\u00e1 horario y docente de Canto.<\/li>\n<\/ul>\n\n\n\n<p>En los siguientes enlaces podr\u00e1s encontrar las planillas de inscripci\u00f3n.&nbsp;<strong>Si las vas a imprimir, es importante que lo hagas en doble faz.<\/strong><\/p>\n\n\n\n<ul>\n<li><a href=\"https:\/\/drive.google.com\/file\/d\/1lQaGsGMYdUN1KaaFW86aDmRAjkqOlxy2\/view?usp=sharing\" target=\"_blank\" rel=\"noreferrer noopener\">Planilla de Inscripci\u00f3n de Taller de Iniciaci\u00f3n<\/a>&nbsp;(9 a 13 a\u00f1os)&nbsp;<a href=\"https:\/\/conservatoriodesanmartin.blogspot.com\/p\/formacion-basica-para-ninos-taller-de.html\">Ver plan de estudio<\/a><\/li>\n\n\n\n<li><a href=\"https:\/\/drive.google.com\/file\/d\/1gRazVWTPf--JPl4GsCvWzWNwQEnG9Hp_\/view?usp=sharing\" target=\"_blank\" rel=\"noreferrer noopener\">Formaci\u00f3n B\u00e1sica para Instrumentos &#8211; FOBA<\/a>&nbsp;(a partir de los 14 a\u00f1os)&nbsp;<a href=\"https:\/\/conservatoriodesanmartin.blogspot.com\/p\/formacion-basica-para-adultos-foba_8.html\">Ver plan de estudio<\/a><\/li>\n\n\n\n<li><a href=\"https:\/\/drive.google.com\/file\/d\/1GtZN996BxapJ0kc0Lee7zLLVajNKg-Cl\/view?usp=sharing\" target=\"_blank\" rel=\"noreferrer noopener\">Formaci\u00f3n B\u00e1sica para Canto -FOCA<\/a>&nbsp;(desde 14 a\u00f1os mujeres y 17 varones)&nbsp;<a href=\"https:\/\/conservatoriodesanmartin.blogspot.com\/p\/formacion-basica-de-canto-foca.html\">Ver plan de estudio<\/a><\/li>\n<\/ul>\n\n\n\n<p>Tambi\u00e9n estar\u00e1n disponibles para fotocopiar en:<\/p>\n\n\n\n<ul>\n<li>Librer\u00eda Pedro: San Lorenzo 2396 (lunes a viernes 10 a 13 y 17 a 19, s\u00e1bado 10 a 13)<\/li>\n<\/ul>\n\n\n<div class=\"wp-block-image\">\n<figure class=\"aligncenter\"><a href=\"https:\/\/blogger.googleusercontent.com\/img\/b\/R29vZ2xl\/AVvXsEhRM-SjwSzpjx_EMRSplzBL3FQBnpJAFEsN30KNWKv39P8OQnYceO495imuSmKYq33Y_dizdrcPPFav0vzkzfeBTG9uFzdoQd7wwWSn5HWIYVh2K6Ck_rHFyopkCjak8zP1m5_6Pn8kAh4Tu0UpHMkTFabizh67MhrI2Xi62Om3KS5xyyz_ILc7WE5BW9M\/s1600\/Flyer%20charla%20ingresantes.jpg\"><img decoding=\"async\" src=\"https:\/\/blogger.googleusercontent.com\/img\/b\/R29vZ2xl\/AVvXsEhRM-SjwSzpjx_EMRSplzBL3FQBnpJAFEsN30KNWKv39P8OQnYceO495imuSmKYq33Y_dizdrcPPFav0vzkzfeBTG9uFzdoQd7wwWSn5HWIYVh2K6Ck_rHFyopkCjak8zP1m5_6Pn8kAh4Tu0UpHMkTFabizh67MhrI2Xi62Om3KS5xyyz_ILc7WE5BW9M\/w409-h578\/Flyer%20charla%20ingresantes.jpg\" alt=\"\"\/><\/a><\/figure><\/div>\n\n\n<p><strong>&nbsp;&nbsp;El Conservatorio de M\u00fasica de General San Mart\u00edn es una instituci\u00f3n estatal de formaci\u00f3n docente de nivel terciario<\/strong>&nbsp;dependiente de la Direcci\u00f3n General de Cultura y Educaci\u00f3n de la Provincia de Buenos Aires.<\/p>\n\n\n\n<p>&nbsp;&nbsp;&nbsp;&nbsp;<strong>Se cursa primeramente una formaci\u00f3n b\u00e1sica previa de 3 o 6 a\u00f1os<\/strong>&nbsp;(Seg\u00fan la edad de ingreso) donde se comienza con la t\u00e9cnica del instrumento elegido, y el aprendizaje y practica de lectura musical, adiestramiento r\u00edtmico, reconocimiento auditivo de estructuras musicales, practicas grupales, etc. La formaci\u00f3n b\u00e1sica completa habilita a ingresar a diferentes profesorados docentes con segura salida laboral, y tambi\u00e9n se pueden cursar tecnicaturas (Serian los profesorados pero sin la parte pedag\u00f3gica).<\/p>\n\n\n\n<p>&nbsp;&nbsp; &nbsp;<strong>Es gratuito<\/strong>&nbsp;(Se solicita una cooperadora anual voluntaria)<\/p>\n\n\n\n<p>&nbsp;<strong>No hay examen de ingreso ni se requieren conocimientos previos.<\/strong><\/p>\n\n\n\n<p>&nbsp;&nbsp; &nbsp;<strong>Se puede comenzar a estudiar desde los 9 a\u00f1os y no hay l\u00edmite de edad para el ingreso.<\/strong><\/p>\n\n\n\n<p>&nbsp;&nbsp; &nbsp;<strong>La cursada es anual&nbsp;<\/strong>de mediados de Marzo a fines de Noviembre y se cursa por materia, no por turno. (Como en la facultad) Hay clases ma\u00f1ana, tarde y noche y el horario se define en la inscripci\u00f3n.<\/p>\n\n\n\n<p>&nbsp;&nbsp; &nbsp;<strong>Se pueden estudiar los siguientes instrumentos<\/strong>&nbsp;(El instrumento que se elija es para toda la carrera y se puede cursar mas de un instrumento. Se inscribe primeramente en UN solo instrumento y luego de iniciadas las clases de acuerdo a las vacantes puede sumar otro)<\/p>\n\n\n\n<p>Flauta traversa &#8211; Oboe &#8211; Clarinete &#8211; Saxof\u00f3n &#8211; Fagot<br>Trompeta &#8211; Corno &#8211; Tromb\u00f3n<br>Viol\u00edn &#8211; Viola &#8211; Violonchelo &#8211; Contrabajo<br>Percusi\u00f3n &#8211; Piano &#8211; Guitarra &#8211; Bandone\u00f3n<br>Y desde los 14 o 17 a\u00f1os: Canto L\u00edrico<\/p>\n\n\n\n<p>&nbsp;___________________________________________<\/p>\n\n\n\n<p><strong><u>COMPARTIMOS ALGUNOS VIDEOS PARA QUE CONOZCAN NUESTRA OFERTA EDUCATIVA<\/u><\/strong><\/p>\n\n\n\n<p><strong><em><mark style=\"background-color:rgba(0, 0, 0, 0)\" class=\"has-inline-color has-accent-color\">Taller de Iniciaci\u00f3n Musical e Instrumental para ni\u00f1os<\/mark><\/em><\/strong><\/p>\n\n\n\n<figure class=\"wp-block-embed is-type-rich is-provider-gestor-del-servicio wp-block-embed-gestor-del-servicio wp-embed-aspect-16-9 wp-has-aspect-ratio\"><div class=\"wp-block-embed__wrapper\">\n<iframe loading=\"lazy\" title=\"Iniciaci\u00f3n Musical e Instrumental para Ni\u00f1os y Ni\u00f1as. Conservatorio Schiuma\" width=\"1200\" height=\"675\" src=\"https:\/\/www.youtube.com\/embed\/_YJNJedbxyY?feature=oembed\" frameborder=\"0\" allow=\"accelerometer; autoplay; clipboard-write; encrypted-media; gyroscope; picture-in-picture; web-share\" allowfullscreen><\/iframe>\n<\/div><\/figure>\n\n\n\n<p><em><strong><mark style=\"background-color:rgba(0, 0, 0, 0)\" class=\"has-inline-color has-accent-color\">Formaci\u00f3n B\u00e1sica para Instrumentos<\/mark><\/strong><\/em><\/p>\n\n\n\n<figure class=\"wp-block-embed is-type-rich is-provider-gestor-del-servicio wp-block-embed-gestor-del-servicio wp-embed-aspect-16-9 wp-has-aspect-ratio\"><div class=\"wp-block-embed__wrapper\">\n<iframe loading=\"lazy\" title=\"Tecnicaturas y Profesorados de Instrumentos. Conservatorio Schiuma\" width=\"1200\" height=\"675\" src=\"https:\/\/www.youtube.com\/embed\/8v-K2clBOLU?feature=oembed\" frameborder=\"0\" allow=\"accelerometer; autoplay; clipboard-write; encrypted-media; gyroscope; picture-in-picture; web-share\" allowfullscreen><\/iframe>\n<\/div><\/figure>\n\n\n\n<p><em><strong><mark style=\"background-color:rgba(0, 0, 0, 0)\" class=\"has-inline-color has-accent-color\">Trayecto Formativo para el Profesorado de Educaci\u00f3n Musical<\/mark><\/strong><\/em><\/p>\n\n\n\n<figure class=\"wp-block-embed is-type-rich is-provider-gestor-del-servicio wp-block-embed-gestor-del-servicio wp-embed-aspect-16-9 wp-has-aspect-ratio\"><div class=\"wp-block-embed__wrapper\">\n<iframe loading=\"lazy\" title=\"Profesorado de Educaci\u00f3n Musical. Conservatorio Schiuma\" width=\"1200\" height=\"675\" src=\"https:\/\/www.youtube.com\/embed\/ZxwRWwqC-kE?feature=oembed\" frameborder=\"0\" allow=\"accelerometer; autoplay; clipboard-write; encrypted-media; gyroscope; picture-in-picture; web-share\" allowfullscreen><\/iframe>\n<\/div><\/figure>\n\n\n\n<p><em><strong><mark style=\"background-color:rgba(0, 0, 0, 0)\" class=\"has-inline-color has-accent-color\">Formaci\u00f3n B\u00e1sica para Canto<\/mark><\/strong><\/em><\/p>\n\n\n\n<figure class=\"wp-block-embed is-type-rich is-provider-gestor-del-servicio wp-block-embed-gestor-del-servicio wp-embed-aspect-16-9 wp-has-aspect-ratio\"><div class=\"wp-block-embed__wrapper\">\n<iframe loading=\"lazy\" title=\"Tecnicatura y Profesorado de Canto. Conservatorio Schiuma\" width=\"1200\" height=\"675\" src=\"https:\/\/www.youtube.com\/embed\/blkBGK9_HAE?feature=oembed\" frameborder=\"0\" allow=\"accelerometer; autoplay; clipboard-write; encrypted-media; gyroscope; picture-in-picture; web-share\" allowfullscreen><\/iframe>\n<\/div><\/figure>\n\n\n\n<p><strong><em><mark style=\"background-color:rgba(0, 0, 0, 0)\" class=\"has-inline-color has-accent-color\">Formaci\u00f3n B\u00e1sica &#8211; Direcci\u00f3n Coral<\/mark><\/em><\/strong><\/p>\n\n\n\n<figure class=\"wp-block-embed is-type-rich is-provider-gestor-del-servicio wp-block-embed-gestor-del-servicio wp-embed-aspect-16-9 wp-has-aspect-ratio\"><div class=\"wp-block-embed__wrapper\">\n<iframe loading=\"lazy\" title=\"Tecnicatura y Profesorado de Direcci\u00f3n Coral. Conservatorio Schiuma\" width=\"1200\" height=\"675\" src=\"https:\/\/www.youtube.com\/embed\/TpOqJmGdUCc?feature=oembed\" frameborder=\"0\" allow=\"accelerometer; autoplay; clipboard-write; encrypted-media; gyroscope; picture-in-picture; web-share\" allowfullscreen><\/iframe>\n<\/div><\/figure>\n\n\n\n<p class=\"has-text-align-center\"><strong><em><mark style=\"background-color:rgba(0, 0, 0, 0)\" class=\"has-inline-color has-accent-color\">Mas videos de clases y muestras colocando en el buscador de Youtube \u00abConservatorio Schiuma\u00bb<\/mark><\/em><\/strong><\/p>\n","protected":false},"excerpt":{"rendered":"<p>INSCRIPCI\u00d3N DE INGRESO 2024 Desde el VIERNES 16 de FEBRERO hasta el VIERNES 15 de MARZO, se retoma la inscripci\u00f3n para el Ciclo Lectivo 2024 para quienes quieran ingresar como estudiantes del conservatorio. Se realiza de lunes a viernes de 8:30 a 11:30, 13:30 a 16:30 y 17:30 a 21hs en la sede San Lorenzo &#8230; <a title=\"Ingreso 2024\" class=\"read-more\" href=\"https:\/\/cmsm-bue.infd.edu.ar\/sitio\/ingreso-2024\/\" aria-label=\"More on Ingreso 2024\">[+]<\/a><\/p>\n","protected":false},"author":106,"featured_media":0,"parent":0,"menu_order":0,"comment_status":"closed","ping_status":"closed","template":"","meta":[],"acf":[],"_links":{"self":[{"href":"https:\/\/cmsm-bue.infd.edu.ar\/sitio\/wp-json\/wp\/v2\/pages\/841"}],"collection":[{"href":"https:\/\/cmsm-bue.infd.edu.ar\/sitio\/wp-json\/wp\/v2\/pages"}],"about":[{"href":"https:\/\/cmsm-bue.infd.edu.ar\/sitio\/wp-json\/wp\/v2\/types\/page"}],"author":[{"embeddable":true,"href":"https:\/\/cmsm-bue.infd.edu.ar\/sitio\/wp-json\/wp\/v2\/users\/106"}],"replies":[{"embeddable":true,"href":"https:\/\/cmsm-bue.infd.edu.ar\/sitio\/wp-json\/wp\/v2\/comments?post=841"}],"version-history":[{"count":4,"href":"https:\/\/cmsm-bue.infd.edu.ar\/sitio\/wp-json\/wp\/v2\/pages\/841\/revisions"}],"predecessor-version":[{"id":1171,"href":"https:\/\/cmsm-bue.infd.edu.ar\/sitio\/wp-json\/wp\/v2\/pages\/841\/revisions\/1171"}],"wp:attachment":[{"href":"https:\/\/cmsm-bue.infd.edu.ar\/sitio\/wp-json\/wp\/v2\/media?parent=841"}],"curies":[{"name":"wp","href":"https:\/\/api.w.org\/{rel}","templated":true}]}}