{"id":829,"date":"2024-02-26T16:31:37","date_gmt":"2024-02-26T19:31:37","guid":{"rendered":"https:\/\/cmsm-bue.infd.edu.ar\/sitio\/?page_id=829"},"modified":"2024-05-20T17:05:41","modified_gmt":"2024-05-20T20:05:41","slug":"documentos-para-descargar","status":"publish","type":"page","link":"https:\/\/cmsm-bue.infd.edu.ar\/sitio\/documentos-para-descargar\/","title":{"rendered":"Constancias para Descargar"},"content":{"rendered":"\n<p><strong>&#8211; Constancia de alumno regular<\/strong>: Se otorga a los alumnos cursantes regulares \u00fanicamente durante el periodo de clases. Deben solicitarla a travez del sistema\u00a0<a href=\"https:\/\/conservatoriodesanmartin.blogspot.com\/p\/acceso-al-sistema.html\">academia<\/a>. El tramite demora m\u00ednimo unas 48 hs. Como toda constancia no puede tener tachaduras ni correcciones.<\/p>\n\n\n\n<p><strong>&#8211; Constancia de asistencia a ex\u00e1menes<\/strong>: Completar seg\u00fan se indique y entregar en preceptoria firmada por el profesor que haya tomado el examen para ser sellada y firmada por un directivo. Como toda constancia no puede tener tachaduras ni correcciones.&nbsp;<a href=\"https:\/\/www.dropbox.com\/s\/q3261c7v4di9jik\/constanciaasistenciaexamenes.pdf\" target=\"_blank\" rel=\"noreferrer noopener\">Descargar<\/a><\/p>\n\n\n\n<p><strong>&#8211; Constancia de Observaciones, Practicas y\/o Residencia<\/strong>:&nbsp;<a href=\"https:\/\/www.dropbox.com\/s\/gkqtljahw53s3sc\/ConstanciaObservaciones.pdf\" target=\"_blank\" rel=\"noreferrer noopener\">Descargar<\/a><\/p>\n\n\n\n<p><strong>&#8211; Constancia de materias aprobadas:<\/strong>&nbsp;Solicitar su&nbsp;confecci\u00f3n a trav\u00e9s del sistema&nbsp;<a href=\"https:\/\/consersm.academia.com.ar\/\" target=\"_blank\" rel=\"noreferrer noopener\">academia<\/a>. Demora de 48 h a una semana.<\/p>\n\n\n\n<p><strong>&#8211; Solicitud de confecci\u00f3n de Titulo<\/strong>: Presentar luego de rendida la ultima materia de la carrera.&nbsp;<a rel=\"noreferrer noopener\" href=\"https:\/\/www.dropbox.com\/s\/ics7q9gkxnj0osq\/SolicitudTitulos.pdf\" target=\"_blank\">Descargar<\/a><\/p>\n","protected":false},"excerpt":{"rendered":"<p>&#8211; Constancia de alumno regular: Se otorga a los alumnos cursantes regulares \u00fanicamente durante el periodo de clases. Deben solicitarla a travez del sistema\u00a0academia. El tramite demora m\u00ednimo unas 48 hs. Como toda constancia no puede tener tachaduras ni correcciones. &#8211; Constancia de asistencia a ex\u00e1menes: Completar seg\u00fan se indique y entregar en preceptoria firmada &#8230; <a title=\"Constancias para Descargar\" class=\"read-more\" href=\"https:\/\/cmsm-bue.infd.edu.ar\/sitio\/documentos-para-descargar\/\" aria-label=\"More on Constancias para Descargar\">[+]<\/a><\/p>\n","protected":false},"author":106,"featured_media":0,"parent":0,"menu_order":0,"comment_status":"closed","ping_status":"closed","template":"","meta":[],"acf":[],"_links":{"self":[{"href":"https:\/\/cmsm-bue.infd.edu.ar\/sitio\/wp-json\/wp\/v2\/pages\/829"}],"collection":[{"href":"https:\/\/cmsm-bue.infd.edu.ar\/sitio\/wp-json\/wp\/v2\/pages"}],"about":[{"href":"https:\/\/cmsm-bue.infd.edu.ar\/sitio\/wp-json\/wp\/v2\/types\/page"}],"author":[{"embeddable":true,"href":"https:\/\/cmsm-bue.infd.edu.ar\/sitio\/wp-json\/wp\/v2\/users\/106"}],"replies":[{"embeddable":true,"href":"https:\/\/cmsm-bue.infd.edu.ar\/sitio\/wp-json\/wp\/v2\/comments?post=829"}],"version-history":[{"count":5,"href":"https:\/\/cmsm-bue.infd.edu.ar\/sitio\/wp-json\/wp\/v2\/pages\/829\/revisions"}],"predecessor-version":[{"id":1184,"href":"https:\/\/cmsm-bue.infd.edu.ar\/sitio\/wp-json\/wp\/v2\/pages\/829\/revisions\/1184"}],"wp:attachment":[{"href":"https:\/\/cmsm-bue.infd.edu.ar\/sitio\/wp-json\/wp\/v2\/media?parent=829"}],"curies":[{"name":"wp","href":"https:\/\/api.w.org\/{rel}","templated":true}]}}